{"id":128,"date":"2026-01-12T18:40:05","date_gmt":"2026-01-12T18:40:05","guid":{"rendered":"http:\/\/medmasim.se\/?page_id=128"},"modified":"2026-01-14T19:11:38","modified_gmt":"2026-01-14T19:11:38","slug":"ekg-kurs-for-st-lakare-specialister-och-sjukskoterskor","status":"publish","type":"page","link":"https:\/\/medmasim.se\/","title":{"rendered":"EKG-kurs f\u00f6r ST-l\u00e4kare, specialister och sjuksk\u00f6terskor"},"content":{"rendered":"\n<div class=\"wp-block-file\"><a id=\"wp-block-file--media-1a0d18ae-60d7-41d4-b606-1dd0c41e7fd5\" href=\"https:\/\/medmasim.se\/wp-content\/uploads\/2026\/01\/EKG-kurs-Anmalningsblankett-20-maj-2026-1.doc\">EKG-kurs Anm\u00e4lningsblankett 20 maj 2026<\/a><a href=\"https:\/\/medmasim.se\/wp-content\/uploads\/2026\/01\/EKG-kurs-Anmalningsblankett-20-maj-2026-1.doc\" class=\"wp-block-file__button wp-element-button\" download aria-describedby=\"wp-block-file--media-1a0d18ae-60d7-41d4-b606-1dd0c41e7fd5\">Ladda ner<\/a><\/div>\n\n\n\n<p><strong>M\u00e5lgrupp<\/strong><\/p>\n\n\n\n<p>Sjuksk\u00f6terskor inom hj\u00e4rt- och intensivv\u00e5rd<\/p>\n\n\n\n<p>Biomedicinska analytiker p\u00e5 v\u00e5rdcentral och Klin Fys<\/p>\n\n\n\n<p>AT-l\u00e4kare<\/p>\n\n\n\n<p>BT-l\u00e4kare<\/p>\n\n\n\n<p>ST l\u00e4kare inom Internmedicin, Geriatrik, Allm\u00e4nmedicin, Akutsjukv\u00e5rd och Anestesiologi<\/p>\n\n\n\n<p>Tidiga ST-l\u00e4kare inom Kardiologi och Klinisk Fysiologi<\/p>\n\n\n\n<p>Specialister i Allm\u00e4nmedicin, Geriatrik, Akutsjukv\u00e5rd, Internmedicin och Anestesiologi<\/p>\n\n\n\n<p><strong>Kursen innefattar teori och praktik men huvudsakligen praktisk EKG-tolkning:<\/strong><\/p>\n\n\n\n<p>Hur tar man ett bra EKG<\/p>\n\n\n\n<p>Hur kopplar man<\/p>\n\n\n\n<p>Hur undviker man st\u00f6rningar<\/p>\n\n\n\n<p>Supraventrikul\u00e4ra arytmier<\/p>\n\n\n\n<p>Ventrikul\u00e4ra arytmier<\/p>\n\n\n\n<p>Retledningsrubbningar<\/p>\n\n\n\n<p>Diffdiagnos f\u00f6rmaksflimmer\/sinus med SVES<\/p>\n\n\n\n<p>Koronar hj\u00e4rtsjukdom akut och kronisk<\/p>\n\n\n\n<p>Elektrolytrubbningar<\/p>\n\n\n\n<p>Idrott och EKG<\/p>\n\n\n\n<p>Kardiomyopatier<\/p>\n\n\n\n<p>V\u00e4nsterkammarhypertrofi<\/p>\n\n\n\n<p>Perikardit<\/p>\n\n\n\n<p>Myokardit<\/p>\n\n\n\n<p>Heredit\u00e4ra sjukdomar<\/p>\n\n\n\n<p>Andra tillst\u00e5nd som kan ge EKG-f\u00f6r\u00e4ndringar<\/p>\n\n\n\n<p>EKG-appen hur kan den anv\u00e4ndas<\/p>\n\n\n\n<p>Kursen avslutas med ett EKG-Quiz i grupp.<\/p>\n\n\n\n<p>Kursen \u00e4r l\u00e4rarledd och interaktiv p\u00e5 TEAMS.<\/p>\n\n\n\n<p>En dag, 8.30-16 inklusive pauser.<\/p>\n\n\n\n<p>Pris 3.400 + moms<\/p>\n\n\n\n<p>Kursmaterial (inkluderat i priset): Alla f\u00f6rel\u00e4sningar i pdf, EKG-manual och EKG-app<\/p>\n\n\n\n<p>Minsta antal deltagare 10<\/p>\n\n\n\n<p>Max antal deltagare 25<\/p>\n\n\n\n<p>Kursledaren Magnus Simonsson har vunnit EKG-SM och varit f\u00f6rel\u00e4sare vid EKG-utbildningar i 30 \u00e5r, bla p\u00e5 H\u00f6gskolor, via Dagens Medicin, via l\u00e4kemedelsbolag mm. F\u00f6rfattare av en EKG-bok och medicinsk skapare av EKG-appen. F\u00f6rfattare till en EKG-manual som har anv\u00e4nts p\u00e5 flera universitet.<\/p>\n\n\n\n<p>Specialist i Kardiologi, Klinisk Fysiolog, Akutsjukv\u00e5rd och Internmedicin.<\/p>\n\n\n\n<p>Kursen uppfyller f\u00f6ljande i ST-utbildningen f\u00f6r l\u00e4kare.<\/p>\n\n\n\n<p>Del av delm\u00e5l (kurs):<\/p>\n\n\n\n<p><strong>SOSFS 2015:8<\/strong>                                                                                         <\/p>\n\n\n\n<p>Akutsjukv\u00e5rd c1, c2<br>Allm\u00e4nmedicin c3 <br>Internmedicin c1, c2<br>Kardiologi c1, c7, c9<br>Klinisk fysiologi c3, c5<br>Geriatrik c1                                                                                                     Anestesi och intensivv\u00e5rd c1, c3<\/p>\n\n\n\n<p><\/p>\n\n\n\n<p><strong>HSLF-FS 2021:8<\/strong><\/p>\n\n\n\n<p>Akutsjukv\u00e5rd STc1, STc2<br>Allm\u00e4nmedicin STc3                                                                                       Anestesi och intensivv\u00e5rd STc1, STc3<br>Internmedicin STc1, STc2<br>Kardiologi STc1, STc7, STc9<br>Klinisk fysiologi STc3, STc5<br>Geriatrik STc1<\/p>\n\n\n\n<p><strong>Fr\u00e5gor<\/strong>: E-mail: <strong><a href=\"mailto:ekg@medmasim.se\">ekg@medmasim.se<\/a><\/strong><\/p>\n\n\n\n<p><\/p>\n","protected":false},"excerpt":{"rendered":"<p>M\u00e5lgrupp Sjuksk\u00f6terskor inom hj\u00e4rt- och intensivv\u00e5rd Biomedicinska analytiker p\u00e5 v\u00e5rdcentral och Klin Fys AT-l\u00e4kare BT-l\u00e4kare ST l\u00e4kare inom Internmedicin, Geriatrik, Allm\u00e4nmedicin, Akutsjukv\u00e5rd och Anestesiologi Tidiga ST-l\u00e4kare inom Kardiologi och Klinisk Fysiologi Specialister i Allm\u00e4nmedicin, Geriatrik, Akutsjukv\u00e5rd, Internmedicin och Anestesiologi Kursen innefattar teori och praktik men huvudsakligen praktisk EKG-tolkning: Hur tar man ett bra EKG Hur [&hellip;]<\/p>\n","protected":false},"author":1,"featured_media":130,"parent":0,"menu_order":0,"comment_status":"closed","ping_status":"closed","template":"","meta":{"footnotes":""},"class_list":["post-128","page","type-page","status-publish","has-post-thumbnail","hentry"],"_links":{"self":[{"href":"https:\/\/medmasim.se\/index.php\/wp-json\/wp\/v2\/pages\/128","targetHints":{"allow":["GET"]}}],"collection":[{"href":"https:\/\/medmasim.se\/index.php\/wp-json\/wp\/v2\/pages"}],"about":[{"href":"https:\/\/medmasim.se\/index.php\/wp-json\/wp\/v2\/types\/page"}],"author":[{"embeddable":true,"href":"https:\/\/medmasim.se\/index.php\/wp-json\/wp\/v2\/users\/1"}],"replies":[{"embeddable":true,"href":"https:\/\/medmasim.se\/index.php\/wp-json\/wp\/v2\/comments?post=128"}],"version-history":[{"count":6,"href":"https:\/\/medmasim.se\/index.php\/wp-json\/wp\/v2\/pages\/128\/revisions"}],"predecessor-version":[{"id":143,"href":"https:\/\/medmasim.se\/index.php\/wp-json\/wp\/v2\/pages\/128\/revisions\/143"}],"wp:featuredmedia":[{"embeddable":true,"href":"https:\/\/medmasim.se\/index.php\/wp-json\/wp\/v2\/media\/130"}],"wp:attachment":[{"href":"https:\/\/medmasim.se\/index.php\/wp-json\/wp\/v2\/media?parent=128"}],"curies":[{"name":"wp","href":"https:\/\/api.w.org\/{rel}","templated":true}]}}